{"id":8,"date":"2020-08-21T13:01:59","date_gmt":"2020-08-21T17:01:59","guid":{"rendered":"https:\/\/gpsites.co\/coach\/?page_id=8"},"modified":"2026-02-01T18:16:35","modified_gmt":"2026-02-01T18:16:35","slug":"home","status":"publish","type":"page","link":"https:\/\/constridioms.es\/de\/","title":{"rendered":"Home"},"content":{"rendered":"<div class=\"gb-container gb-container-d7e30884\"><div class=\"gb-inside-container\">\n<div class=\"gb-grid-wrapper gb-grid-wrapper-48d5c60b\">\n<div class=\"gb-grid-column gb-grid-column-1065a2a8\"><div class=\"gb-container gb-container-1065a2a8\">\n\n<p class=\"gb-headline gb-headline-9e979d62 gb-headline-text\">Ayuda Creativity through the lens of Construction Grammar: a corpus and AI-based repository of constructional idioms in German, Spanish and English&nbsp;(PID2024-161338OB-100) financiada por:<\/p>\n\n<\/div><\/div>\n\n<div class=\"gb-grid-column gb-grid-column-ccc6aa0f\"><div class=\"gb-container gb-container-ccc6aa0f\">\n\n<figure class=\"gb-block-image gb-block-image-f5d09c9e\"><img loading=\"lazy\" decoding=\"async\" width=\"800\" height=\"153\" class=\"gb-image gb-image-f5d09c9e\" src=\"https:\/\/constridioms.es\/wp-content\/uploads\/2026\/02\/Logo_Entidad_Financiadora-pichi-1-e1769968461173.jpg\" alt=\"Logo entidad financiadora\" title=\"Logo_Entidad_Financiadora-pichi\" srcset=\"https:\/\/constridioms.es\/wp-content\/uploads\/2026\/02\/Logo_Entidad_Financiadora-pichi-1-e1769968461173.jpg 800w, https:\/\/constridioms.es\/wp-content\/uploads\/2026\/02\/Logo_Entidad_Financiadora-pichi-1-e1769968461173-300x57.jpg 300w, https:\/\/constridioms.es\/wp-content\/uploads\/2026\/02\/Logo_Entidad_Financiadora-pichi-1-e1769968461173-768x147.jpg 768w, https:\/\/constridioms.es\/wp-content\/uploads\/2026\/02\/Logo_Entidad_Financiadora-pichi-1-e1769968461173-18x3.jpg 18w\" sizes=\"auto, (max-width: 800px) 100vw, 800px\" \/><\/figure>\n\n<\/div><\/div>\n<\/div>\n<\/div><\/div>\n\n<div class=\"gb-container gb-container-d95c8aa1\"><div class=\"gb-inside-container\">\n<div class=\"gb-grid-wrapper gb-grid-wrapper-9a7f4892\">\n<div class=\"gb-grid-column gb-grid-column-7aa57346\"><div class=\"gb-container gb-container-7aa57346\"><div class=\"gb-inside-container\">\n\n<h1 class=\"gb-headline gb-headline-bae22862 gb-headline-text\"><strong>CONSTRUCCIONES FRASEOL\u00d3GICAS DEL ALEM\u00c1N Y EL ESPA\u00d1OL<\/strong> <mark class=\"gb-highlight\">Grupo <a href=\"https:\/\/frasespal.com\/\" target=\"_blank\" rel=\"noreferrer noopener\">FRASESPAL<\/a><\/mark><\/h1>\n\n\n\n<p class=\"gb-headline gb-headline-0a05fbf3 gb-headline-text\">Proyecto de investigaci\u00f3n del Ministerio de Ciencia e Innovaci\u00f3n RETOS FFI2019 &#8211; 108783RB-100 \u00abGram\u00e1tica de Construcciones y Fraseolog\u00eda: construcciones fraseol\u00f3gicas del alem\u00e1n y el espa\u00f1ol en contraste a trav\u00e9s de los corpus\u00bb<\/p>\n\n\n<div class=\"gb-container gb-container-528c4138\"><div class=\"gb-inside-container\">\n\n<p><\/p>\n\n<\/div><\/div>\n<\/div><\/div><\/div>\n\n<div class=\"gb-grid-column gb-grid-column-20d75844\"><div class=\"gb-container gb-container-20d75844\"><div class=\"gb-inside-container\">\n\n<figure class=\"wp-block-image size-full image-style\"><a href=\"https:\/\/constridioms.es\/wp-content\/uploads\/2023\/01\/Equipo.jpg\"><img loading=\"lazy\" decoding=\"async\" width=\"478\" height=\"448\" src=\"https:\/\/constridioms.es\/wp-content\/uploads\/2023\/01\/Equipo.jpg\" alt=\"Equipo\" class=\"wp-image-4734\" srcset=\"https:\/\/constridioms.es\/wp-content\/uploads\/2023\/01\/Equipo.jpg 478w, https:\/\/constridioms.es\/wp-content\/uploads\/2023\/01\/Equipo-300x281.jpg 300w\" sizes=\"auto, (max-width: 478px) 100vw, 478px\" \/><\/a><\/figure>\n\n<\/div><\/div><\/div>\n<\/div>\n<\/div><\/div>\n\n<div class=\"gb-container gb-container-f432fc90\"><div class=\"gb-inside-container\">\n\n<h2 class=\"gb-headline gb-headline-932cf60f gb-headline-text\">Construcciones Fraseol\u00f3gicas<\/h2>\n\n\n<div class=\"gb-grid-wrapper gb-grid-wrapper-65e01004\">\n<div class=\"gb-grid-column gb-grid-column-f374b38e\"><div class=\"gb-container gb-container-f374b38e\"><div class=\"gb-inside-container\">\n\n<h2 class=\"gb-headline gb-headline-e88a3eae\"><span class=\"gb-icon\"><svg xmlns=\"http:\/\/www.w3.org\/2000\/svg\" viewBox=\"0 0 22 20\"><path d=\"M11 20c-.55 0-1-.45-1-1 0-1.1-.9-2-2-2H1c-.55 0-1-.45-1-1V1c0-.55.45-1 1-1h6c2.76 0 5 2.24 5 5v14c0 .55-.45 1-1 1zm-9-5h6c.73 0 1.41.2 2 .54V5c0-1.65-1.35-3-3-3H2v13z\"><\/path><path d=\"M11 20c-.55 0-1-.45-1-1V5c0-2.76 2.24-5 5-5h6c.55 0 1 .45 1 1v15c0 .55-.45 1-1 1h-7c-1.1 0-2 .9-2 2 0 .55-.45 1-1 1zm4-18c-1.65 0-3 1.35-3 3v10.54a3.99 3.99 0 012-.54h6V2h-5z\"><\/path><\/svg><\/span><span class=\"gb-headline-text\">Espa\u00f1ol<\/span><\/h2>\n\n\n\n<div class=\"gb-grid-wrapper gb-grid-wrapper-a094d994 gb-query-loop-wrapper\">\n<div class=\"gb-grid-column gb-grid-column-a84473f1 gb-query-loop-item post-8509 post type-post status-publish format-standard hentry category-espanol tag-intensificacion\"><div class=\"gb-container gb-container-a84473f1\"><div class=\"gb-inside-container\">\n<h4 class=\"gb-headline gb-headline-483c4c6a gb-headline-text\"><a href=\"https:\/\/constridioms.es\/de\/n1subsingular-sub-empor-em-n1subsingular-sub\/\">[N1<sub>singular<\/sub> <em>por<\/em> N1<sub>singular<\/sub>]<\/a><\/h4>\n<\/div><\/div><\/div>\n\n<div class=\"gb-grid-column gb-grid-column-a84473f1 gb-query-loop-item post-8255 post type-post status-publish format-standard hentry category-espanol tag-intensificacion\"><div class=\"gb-container gb-container-a84473f1\"><div class=\"gb-inside-container\">\n<h4 class=\"gb-headline gb-headline-483c4c6a gb-headline-text\"><a href=\"https:\/\/constridioms.es\/de\/n1subsing-sub-ema-em-n1subsing-sub\/\">[N1<sub>singular<\/sub> <em>a<\/em> N1<sub>singular<\/sub>]<\/a><\/h4>\n<\/div><\/div><\/div>\n\n<div class=\"gb-grid-column gb-grid-column-a84473f1 gb-query-loop-item post-7358 post type-post status-publish format-standard hentry category-espanol tag-intensificacion\"><div class=\"gb-container gb-container-a84473f1\"><div class=\"gb-inside-container\">\n<h4 class=\"gb-headline gb-headline-483c4c6a gb-headline-text\"><a href=\"https:\/\/constridioms.es\/de\/n-puro\/\">[N<sub>singular<\/sub> PURO]<\/a><\/h4>\n<\/div><\/div><\/div>\n\n<div class=\"gb-grid-column gb-grid-column-a84473f1 gb-query-loop-item post-5532 post type-post status-publish format-standard hentry category-espanol tag-hartazgo tag-intensificacion\"><div class=\"gb-container gb-container-a84473f1\"><div class=\"gb-inside-container\">\n<h4 class=\"gb-headline gb-headline-483c4c6a gb-headline-text\"><a href=\"https:\/\/constridioms.es\/de\/para-colmo-de-nabstracto\/\">[<em>para colmo<\/em> <em>de<\/em> N<sub>abstracto<\/sub>]<\/a><\/h4>\n<\/div><\/div><\/div>\n\n<div class=\"gb-grid-column gb-grid-column-a84473f1 gb-query-loop-item post-5697 post type-post status-publish format-standard hentry category-espanol tag-intensificacion\"><div class=\"gb-container gb-container-a84473f1\"><div class=\"gb-inside-container\">\n<h4 class=\"gb-headline gb-headline-483c4c6a gb-headline-text\"><a href=\"https:\/\/constridioms.es\/de\/mas-adj-que-nunca\/\">[<em>m\u00e1s<\/em> ADJ <em>que nunca<\/em>]<\/a><\/h4>\n<\/div><\/div><\/div>\n\n<div class=\"gb-grid-column gb-grid-column-a84473f1 gb-query-loop-item post-7248 post type-post status-publish format-standard hentry category-espanol\"><div class=\"gb-container gb-container-a84473f1\"><div class=\"gb-inside-container\">\n<h4 class=\"gb-headline gb-headline-483c4c6a gb-headline-text\"><a href=\"https:\/\/constridioms.es\/de\/es-para-mi-un-adj-nabstracto\/\">[<em>Es para m\u00ed un<\/em> (ADJ) N<sub>abstracto<\/sub>]<\/a><\/h4>\n<\/div><\/div><\/div>\n\n<div class=\"gb-grid-column gb-grid-column-a84473f1 gb-query-loop-item post-6172 post type-post status-publish format-standard hentry category-espanol tag-intensificacion tag-valoracion\"><div class=\"gb-container gb-container-a84473f1\"><div class=\"gb-inside-container\">\n<h4 class=\"gb-headline gb-headline-483c4c6a gb-headline-text\"><a href=\"https:\/\/constridioms.es\/de\/de-puro-x\/\">[<em>de puro<\/em> X]<\/a><\/h4>\n<\/div><\/div><\/div>\n\n<div class=\"gb-grid-column gb-grid-column-a84473f1 gb-query-loop-item post-5164 post type-post status-publish format-standard hentry category-espanol tag-intensificacion\"><div class=\"gb-container gb-container-a84473f1\"><div class=\"gb-inside-container\">\n<h4 class=\"gb-headline gb-headline-483c4c6a gb-headline-text\"><a href=\"https:\/\/constridioms.es\/de\/a-s-limpio\/\">[<em>a<\/em> N <em>limpio<\/em>]<\/a><\/h4>\n<\/div><\/div><\/div>\n\n<div class=\"gb-grid-column gb-grid-column-a84473f1 gb-query-loop-item post-6260 post type-post status-publish format-standard hentry category-espanol tag-intensificacion\"><div class=\"gb-container gb-container-a84473f1\"><div class=\"gb-inside-container\">\n<h4 class=\"gb-headline gb-headline-483c4c6a gb-headline-text\"><a href=\"https:\/\/constridioms.es\/de\/a-todo-nsingular\/\">[<em>a todo<\/em> N<sub>singular<\/sub>]<\/a><\/h4>\n<\/div><\/div><\/div>\n<\/div>\n\n<\/div><\/div><\/div>\n\n<div class=\"gb-grid-column gb-grid-column-c496489f\"><div class=\"gb-container gb-container-c496489f\"><div class=\"gb-inside-container\">\n\n<h2 class=\"gb-headline gb-headline-09999c7d\"><span class=\"gb-icon\"><svg xmlns=\"http:\/\/www.w3.org\/2000\/svg\" viewBox=\"0 0 22 20\"><path d=\"M11 20c-.55 0-1-.45-1-1 0-1.1-.9-2-2-2H1c-.55 0-1-.45-1-1V1c0-.55.45-1 1-1h6c2.76 0 5 2.24 5 5v14c0 .55-.45 1-1 1zm-9-5h6c.73 0 1.41.2 2 .54V5c0-1.65-1.35-3-3-3H2v13z\"><\/path><path d=\"M11 20c-.55 0-1-.45-1-1V5c0-2.76 2.24-5 5-5h6c.55 0 1 .45 1 1v15c0 .55-.45 1-1 1h-7c-1.1 0-2 .9-2 2 0 .55-.45 1-1 1zm4-18c-1.65 0-3 1.35-3 3v10.54a3.99 3.99 0 012-.54h6V2h-5z\"><\/path><\/svg><\/span><span class=\"gb-headline-text\">Alem\u00e1n <\/span><\/h2>\n\n\n\n<div class=\"gb-grid-wrapper gb-grid-wrapper-09b7736e gb-query-loop-wrapper\">\n<div class=\"gb-grid-column gb-grid-column-b61c88f2 gb-query-loop-item post-8227 post type-post status-publish format-standard hentry category-aleman tag-bewertung tag-valoracion\"><div class=\"gb-container gb-container-b61c88f2\"><div class=\"gb-inside-container\">\n<h4 class=\"gb-headline gb-headline-3e4b7368 gb-headline-text\"><a href=\"https:\/\/constridioms.es\/de\/erzahle-mir-modalpartikel-kein-n\/\"><p>[<em>Erz\u00e4hl(e) mir (MODALPARTIKEL) KEIN\u00a0<\/em>N!]<\/p><\/a><\/h4>\n<\/div><\/div><\/div>\n\n<div class=\"gb-grid-column gb-grid-column-b61c88f2 gb-query-loop-item post-7538 post type-post status-publish format-standard hentry category-aleman tag-intensificacion\"><div class=\"gb-container gb-container-b61c88f2\"><div class=\"gb-inside-container\">\n<h4 class=\"gb-headline gb-headline-3e4b7368 gb-headline-text\"><a href=\"https:\/\/constridioms.es\/de\/zum-vinfinitiv-adj\/\"><em>[zum<\/em> V<sub>Infinitiv<\/sub> ADJ]<\/a><\/h4>\n<\/div><\/div><\/div>\n\n<div class=\"gb-grid-column gb-grid-column-b61c88f2 gb-query-loop-item post-7723 post type-post status-publish format-standard hentry category-aleman tag-valoracion\"><div class=\"gb-container gb-container-b61c88f2\"><div class=\"gb-inside-container\">\n<h4 class=\"gb-headline gb-headline-3e4b7368 gb-headline-text\"><a href=\"https:\/\/constridioms.es\/de\/v1-geht-uber-v2\/\">[V1 <em>geht \u00fcber<\/em> V2]<\/a><\/h4>\n<\/div><\/div><\/div>\n\n<div class=\"gb-grid-column gb-grid-column-b61c88f2 gb-query-loop-item post-6724 post type-post status-publish format-standard hentry category-aleman\"><div class=\"gb-container gb-container-b61c88f2\"><div class=\"gb-inside-container\">\n<h4 class=\"gb-headline gb-headline-3e4b7368 gb-headline-text\"><a href=\"https:\/\/constridioms.es\/de\/v-n-ins-blaue-hinein\/\">[V\/N <em>ins Blaue (hinein)<\/em>]<\/a><\/h4>\n<\/div><\/div><\/div>\n\n<div class=\"gb-grid-column gb-grid-column-b61c88f2 gb-query-loop-item post-7340 post type-post status-publish format-standard hentry category-aleman tag-intensivierung\"><div class=\"gb-container gb-container-b61c88f2\"><div class=\"gb-inside-container\">\n<h4 class=\"gb-headline gb-headline-3e4b7368 gb-headline-text\"><a href=\"https:\/\/constridioms.es\/de\/n-pur\/\">[Nsingular <em>pur<\/em>]<\/a><\/h4>\n<\/div><\/div><\/div>\n\n<div class=\"gb-grid-column gb-grid-column-b61c88f2 gb-query-loop-item post-5876 post type-post status-publish format-standard hentry category-aleman tag-intensivierung tag-unverstandnis\"><div class=\"gb-container gb-container-b61c88f2\"><div class=\"gb-inside-container\">\n<h4 class=\"gb-headline gb-headline-3e4b7368 gb-headline-text\"><a href=\"https:\/\/constridioms.es\/de\/fragepronomen-in-aller-welt\/\">[FRAGEPRONOMEN  <em>in aller Welt &#8230;?<\/em>]<\/a><\/h4>\n<\/div><\/div><\/div>\n\n<div class=\"gb-grid-column gb-grid-column-b61c88f2 gb-query-loop-item post-5976 post type-post status-publish format-standard hentry category-aleman tag-bewertung tag-intensivierung\"><div class=\"gb-container gb-container-b61c88f2\"><div class=\"gb-inside-container\">\n<h4 class=\"gb-headline gb-headline-3e4b7368 gb-headline-text\"><a href=\"https:\/\/constridioms.es\/de\/det-n1sg-der-n1pl\/\">[DET N1<sub>singular<\/sub> <em>der<\/em> N1<sub>plural<\/sub>]<\/a><\/h4>\n<\/div><\/div><\/div>\n\n<div class=\"gb-grid-column gb-grid-column-b61c88f2 gb-query-loop-item post-5216 post type-post status-publish format-standard hentry category-aleman tag-certeza\"><div class=\"gb-container gb-container-b61c88f2\"><div class=\"gb-inside-container\">\n<h4 class=\"gb-headline gb-headline-3e4b7368 gb-headline-text\"><a href=\"https:\/\/constridioms.es\/de\/det-n1-ist-willig-aber-det-n2-ist-adj\/\">[DET N1 <em>ist willig, aber<\/em> DET N2 (<em>ist)<\/em> ADJ]<\/a><\/h4>\n<\/div><\/div><\/div>\n\n<div class=\"gb-grid-column gb-grid-column-b61c88f2 gb-query-loop-item post-5464 post type-post status-publish format-standard hentry category-aleman tag-intensificacion\"><div class=\"gb-container gb-container-b61c88f2\"><div class=\"gb-inside-container\">\n<h4 class=\"gb-headline gb-headline-3e4b7368 gb-headline-text\"><a href=\"https:\/\/constridioms.es\/de\/adj-wie-sonst-noch-was\/\">[ADJ <em>wie sonst noch was<\/em>]<\/a><\/h4>\n<\/div><\/div><\/div>\n\n<div class=\"gb-grid-column gb-grid-column-b61c88f2 gb-query-loop-item post-5320 post type-post status-publish format-standard hentry category-aleman tag-intensificacion\"><div class=\"gb-container gb-container-b61c88f2\"><div class=\"gb-inside-container\">\n<h4 class=\"gb-headline gb-headline-3e4b7368 gb-headline-text\"><a href=\"https:\/\/constridioms.es\/de\/von-ein-nsingular-temporal-zu-anderen\/\">[<em>von<\/em> EIN N<sub>singular.temporal<\/sub> ZU <em>anderen<\/em>]<\/a><\/h4>\n<\/div><\/div><\/div>\n\n<div class=\"gb-grid-column gb-grid-column-b61c88f2 gb-query-loop-item post-5111 post type-post status-publish format-standard hentry category-aleman tag-intensificacion tag-valoracion\"><div class=\"gb-container gb-container-b61c88f2\"><div class=\"gb-inside-container\">\n<h4 class=\"gb-headline gb-headline-3e4b7368 gb-headline-text\"><a href=\"https:\/\/constridioms.es\/de\/nicht-gerade-x\/\">[<em>nicht gerade<\/em> X]<\/a><\/h4>\n<\/div><\/div><\/div>\n\n<div class=\"gb-grid-column gb-grid-column-b61c88f2 gb-query-loop-item post-5553 post type-post status-publish format-standard hentry category-aleman tag-exhortacion tag-intensificacion\"><div class=\"gb-container gb-container-b61c88f2\"><div class=\"gb-inside-container\">\n<h4 class=\"gb-headline gb-headline-3e4b7368 gb-headline-text\"><a href=\"https:\/\/constridioms.es\/de\/jetzt-wird-vpartizip\/\">[<em>Jetzt wird<\/em> V<sub>Partizip<\/sub>!]<\/a><\/h4>\n<\/div><\/div><\/div>\n\n<div class=\"gb-grid-column gb-grid-column-b61c88f2 gb-query-loop-item post-6304 post type-post status-publish format-standard hentry category-aleman tag-intensificacion\"><div class=\"gb-container gb-container-b61c88f2\"><div class=\"gb-inside-container\">\n<h4 class=\"gb-headline gb-headline-3e4b7368 gb-headline-text\"><a href=\"https:\/\/constridioms.es\/de\/in-voll-nsingular-abstrakt\/\">[<em>in<\/em> VOLL N<sub>singular.abstrakt<\/sub>]<\/a><\/h4>\n<\/div><\/div><\/div>\n\n<div class=\"gb-grid-column gb-grid-column-b61c88f2 gb-query-loop-item post-8164 post type-post status-publish format-standard hentry category-aleman tag-intensificacion\"><div class=\"gb-container gb-container-b61c88f2\"><div class=\"gb-inside-container\">\n<h4 class=\"gb-headline gb-headline-3e4b7368 gb-headline-text\"><a href=\"https:\/\/constridioms.es\/de\/in-all-nabstrakt-sing\/\">[<em>in<\/em> ALL N<sub>singular.abstrakt<\/sub>]<\/a><\/h4>\n<\/div><\/div><\/div>\n\n<div class=\"gb-grid-column gb-grid-column-b61c88f2 gb-query-loop-item post-6178 post type-post status-publish format-standard hentry category-aleman tag-emporung tag-intensivierung tag-wut\"><div class=\"gb-container gb-container-b61c88f2\"><div class=\"gb-inside-container\">\n<h4 class=\"gb-headline gb-headline-3e4b7368 gb-headline-text\"><a href=\"https:\/\/constridioms.es\/de\/es-das-ist-zum-vinfinitiv\/\">[<em>Es\/Das ist zum<\/em> V<sub>infinitiv<\/sub>!]<\/a><\/h4>\n<\/div><\/div><\/div>\n\n<div class=\"gb-grid-column gb-grid-column-b61c88f2 gb-query-loop-item post-6167 post type-post status-publish format-standard hentry category-aleman tag-certeza tag-valoracion\"><div class=\"gb-container gb-container-b61c88f2\"><div class=\"gb-inside-container\">\n<h4 class=\"gb-headline gb-headline-3e4b7368 gb-headline-text\"><a href=\"https:\/\/constridioms.es\/de\/es-ist-mir-ein-adj-n\/\">[<em>Es ist mir EIN<\/em> (ADJ) N<sub>abstrakt<\/sub>]<\/a><\/h4>\n<\/div><\/div><\/div>\n\n<div class=\"gb-grid-column gb-grid-column-b61c88f2 gb-query-loop-item post-5313 post type-post status-publish format-standard hentry category-aleman tag-intensificacion\"><div class=\"gb-container gb-container-b61c88f2\"><div class=\"gb-inside-container\">\n<h4 class=\"gb-headline gb-headline-3e4b7368 gb-headline-text\"><a href=\"https:\/\/constridioms.es\/de\/__trashed-5\/\">[<em>aus<\/em> REIN N<sub>singular.abstrakt<\/sub> (heraus)]<\/a><\/h4>\n<\/div><\/div><\/div>\n\n<div class=\"gb-grid-column gb-grid-column-b61c88f2 gb-query-loop-item post-5332 post type-post status-publish format-standard hentry category-aleman tag-intensificacion\"><div class=\"gb-container gb-container-b61c88f2\"><div class=\"gb-inside-container\">\n<h4 class=\"gb-headline gb-headline-3e4b7368 gb-headline-text\"><a href=\"https:\/\/constridioms.es\/de\/alles-andere-als-x\/\">[<em>alles andere als<\/em> X]<\/a><\/h4>\n<\/div><\/div><\/div>\n\n<div class=\"gb-grid-column gb-grid-column-b61c88f2 gb-query-loop-item post-6318 post type-post status-publish format-standard hentry category-aleman tag-exhortacion\"><div class=\"gb-container gb-container-b61c88f2\"><div class=\"gb-inside-container\">\n<h4 class=\"gb-headline gb-headline-3e4b7368 gb-headline-text\"><a href=\"https:\/\/constridioms.es\/de\/ab-pp\/\">[<em> Ab <\/em>PP!]<\/a><\/h4>\n<\/div><\/div><\/div>\n<\/div>\n\n<\/div><\/div><\/div>\n<\/div>\n<\/div><\/div>","protected":false},"excerpt":{"rendered":"<p>Construcciones Fraseol\u00f3gicas<\/p>","protected":false},"author":2,"featured_media":0,"parent":0,"menu_order":0,"comment_status":"closed","ping_status":"closed","template":"","meta":{"_acf_changed":false,"footnotes":""},"class_list":["post-8","page","type-page","status-publish"],"acf":[],"_links":{"self":[{"href":"https:\/\/constridioms.es\/de\/wp-json\/wp\/v2\/pages\/8","targetHints":{"allow":["GET"]}}],"collection":[{"href":"https:\/\/constridioms.es\/de\/wp-json\/wp\/v2\/pages"}],"about":[{"href":"https:\/\/constridioms.es\/de\/wp-json\/wp\/v2\/types\/page"}],"author":[{"embeddable":true,"href":"https:\/\/constridioms.es\/de\/wp-json\/wp\/v2\/users\/2"}],"replies":[{"embeddable":true,"href":"https:\/\/constridioms.es\/de\/wp-json\/wp\/v2\/comments?post=8"}],"version-history":[{"count":56,"href":"https:\/\/constridioms.es\/de\/wp-json\/wp\/v2\/pages\/8\/revisions"}],"predecessor-version":[{"id":9262,"href":"https:\/\/constridioms.es\/de\/wp-json\/wp\/v2\/pages\/8\/revisions\/9262"}],"wp:attachment":[{"href":"https:\/\/constridioms.es\/de\/wp-json\/wp\/v2\/media?parent=8"}],"curies":[{"name":"wp","href":"https:\/\/api.w.org\/{rel}","templated":true}]}}